{"id":267,"date":"2020-06-05T14:50:53","date_gmt":"2020-06-05T12:50:53","guid":{"rendered":"http:\/\/www.ferieninwuestenhain.de\/?page_id=267"},"modified":"2020-06-15T10:05:45","modified_gmt":"2020-06-15T08:05:45","slug":"saal","status":"publish","type":"page","link":"https:\/\/www.ferieninwuestenhain.de\/index.php\/saal\/","title":{"rendered":"Saal"},"content":{"rendered":"\n<div class=\"alignnormal\"><div id=\"metaslider-id-280\" style=\"width: 100%;\" class=\"ml-slider-3-16-4 metaslider metaslider-flex metaslider-280 ml-slider ml-slider-lightbox-1-10-1 lightbox-disabled nav-hidden\">\n    <div id=\"metaslider_container_280\">\n        <div id=\"metaslider_280\">\n            <ul aria-live=\"polite\" class=\"slides\">\n                <li style=\"display: block; width: 100%;\" class=\"slide-281 ms-image\"><img src=\"https:\/\/www.ferieninwuestenhain.de\/wp-content\/uploads\/2020\/06\/cafe2-700x300.jpg\" height=\"300\" width=\"700\" alt=\"\" class=\"slider-280 slide-281\" title=\"cafe2\" \/><\/li>\n                <li style=\"display: none; width: 100%;\" class=\"slide-282 ms-image\"><img src=\"https:\/\/www.ferieninwuestenhain.de\/wp-content\/uploads\/2020\/06\/cafe4-700x300.jpg\" height=\"300\" width=\"700\" alt=\"\" class=\"slider-280 slide-282\" title=\"cafe4\" \/><\/li>\n                <li style=\"display: none; width: 100%;\" class=\"slide-283 ms-image\"><img src=\"https:\/\/www.ferieninwuestenhain.de\/wp-content\/uploads\/2020\/06\/cafe1-700x300.jpg\" height=\"300\" width=\"700\" alt=\"\" class=\"slider-280 slide-283\" title=\"cafe1\" \/><\/li>\n                <li style=\"display: none; width: 100%;\" class=\"slide-284 ms-image\"><img src=\"https:\/\/www.ferieninwuestenhain.de\/wp-content\/uploads\/2020\/06\/cafe3-700x300.jpg\" height=\"300\" width=\"700\" alt=\"\" class=\"slider-280 slide-284\" title=\"cafe3\" \/><\/li>\n                <li style=\"display: none; width: 100%;\" class=\"slide-285 ms-image\"><img src=\"https:\/\/www.ferieninwuestenhain.de\/wp-content\/uploads\/2020\/06\/cafe5-700x300.jpg\" height=\"300\" width=\"700\" alt=\"\" class=\"slider-280 slide-285\" title=\"cafe5\" \/><\/li>\n            <\/ul>\n        <\/div>\n        \n    <\/div>\n<\/div><\/div>\n\n\n\n<figure class=\"wp-block-image size-large is-resized\"><img decoding=\"async\" loading=\"lazy\" src=\"https:\/\/www.ferieninwuestenhain.de\/wp-content\/uploads\/2020\/06\/weiss.jpg\" alt=\"\" class=\"wp-image-531\" width=\"25\" height=\"13\"\/><\/figure>\n\n\n\n<p>Feierlichkeiten, kulturelle Veranstaltungen, Seminare oder Kurse \u2013 Was m\u00f6chten Sie organisieren?&nbsp;&nbsp;&nbsp;&nbsp;&nbsp;&nbsp;&nbsp;&nbsp; Unser Saal hat eine Gr\u00f6\u00dfe von ca. 70 m\u00b2. Somit ist Platz f\u00fcr mindestens 50 G\u00e4ste und, wenn gew\u00fcnscht, einer kleinen Tanzfl\u00e4che. Multifunktionale Medienausstattung ist vorhanden. Unsere professionelle Gastronomiek\u00fcche zaubert Ihnen warme und kalte Buffets. W\u00fcnschen Ihre G\u00e4ste die M\u00f6glichkeit der \u00dcbernachtung, bieten wir in unserer Pension eine Kapazit\u00e4t von 12 Betten.<\/p>\n","protected":false},"excerpt":{"rendered":"<p>Feierlichkeiten, kulturelle Veranstaltungen, Seminare oder Kurse \u2013 Was m\u00f6chten Sie organisieren?&nbsp;&nbsp;&nbsp;&nbsp;&nbsp;&nbsp;&nbsp;&nbsp; Unser Saal hat eine Gr\u00f6\u00dfe von ca. 70 m\u00b2. Somit ist Platz f\u00fcr mindestens 50 G\u00e4ste und, wenn gew\u00fcnscht, einer kleinen Tanzfl\u00e4che. Multifunktionale Medienausstattung ist vorhanden. Unsere professionelle Gastronomiek\u00fcche <a href=\"https:\/\/www.ferieninwuestenhain.de\/index.php\/saal\/\" class=\"read-more\">Weiterlesen<\/a><\/p>\n","protected":false},"author":1,"featured_media":0,"parent":0,"menu_order":0,"comment_status":"closed","ping_status":"closed","template":"","meta":{"kt_blocks_editor_width":""},"_links":{"self":[{"href":"https:\/\/www.ferieninwuestenhain.de\/index.php\/wp-json\/wp\/v2\/pages\/267"}],"collection":[{"href":"https:\/\/www.ferieninwuestenhain.de\/index.php\/wp-json\/wp\/v2\/pages"}],"about":[{"href":"https:\/\/www.ferieninwuestenhain.de\/index.php\/wp-json\/wp\/v2\/types\/page"}],"author":[{"embeddable":true,"href":"https:\/\/www.ferieninwuestenhain.de\/index.php\/wp-json\/wp\/v2\/users\/1"}],"replies":[{"embeddable":true,"href":"https:\/\/www.ferieninwuestenhain.de\/index.php\/wp-json\/wp\/v2\/comments?post=267"}],"version-history":[{"count":4,"href":"https:\/\/www.ferieninwuestenhain.de\/index.php\/wp-json\/wp\/v2\/pages\/267\/revisions"}],"predecessor-version":[{"id":572,"href":"https:\/\/www.ferieninwuestenhain.de\/index.php\/wp-json\/wp\/v2\/pages\/267\/revisions\/572"}],"wp:attachment":[{"href":"https:\/\/www.ferieninwuestenhain.de\/index.php\/wp-json\/wp\/v2\/media?parent=267"}],"curies":[{"name":"wp","href":"https:\/\/api.w.org\/{rel}","templated":true}]}}