{"id":67,"date":"2020-05-24T17:54:09","date_gmt":"2020-05-24T15:54:09","guid":{"rendered":"http:\/\/www.ferieninwuestenhain.de\/?page_id=67"},"modified":"2020-10-30T09:25:20","modified_gmt":"2020-10-30T08:25:20","slug":"entdecken-und-erleben","status":"publish","type":"page","link":"https:\/\/www.ferieninwuestenhain.de\/index.php\/entdecken-und-erleben\/","title":{"rendered":"Entdecken und Erleben"},"content":{"rendered":"\n<div class=\"alignnormal\"><div id=\"metaslider-id-541\" style=\"width: 100%;\" class=\"ml-slider-3-16-4 metaslider metaslider-flex metaslider-541 ml-slider ml-slider-lightbox-1-10-1 lightbox-disabled nav-hidden\">\n    <div id=\"metaslider_container_541\">\n        <div id=\"metaslider_541\">\n            <ul aria-live=\"polite\" class=\"slides\">\n                <li style=\"display: block; width: 100%;\" class=\"slide-542 ms-image\"><img src=\"https:\/\/www.ferieninwuestenhain.de\/wp-content\/uploads\/2020\/06\/entdecken3.jpg\" height=\"300\" width=\"700\" alt=\"\" class=\"slider-541 slide-542\" title=\"entdecken3\" \/><\/li>\n                <li style=\"display: none; width: 100%;\" class=\"slide-543 ms-image\"><img src=\"https:\/\/www.ferieninwuestenhain.de\/wp-content\/uploads\/2020\/06\/entdecken4.jpg\" height=\"300\" width=\"700\" alt=\"\" class=\"slider-541 slide-543\" title=\"entdecken4\" \/><\/li>\n                <li style=\"display: none; width: 100%;\" class=\"slide-544 ms-image\"><img src=\"https:\/\/www.ferieninwuestenhain.de\/wp-content\/uploads\/2020\/06\/entdecken2.jpg\" height=\"300\" width=\"700\" alt=\"\" class=\"slider-541 slide-544\" title=\"entdecken2\" \/><\/li>\n                <li style=\"display: none; width: 100%;\" class=\"slide-545 ms-image\"><img src=\"https:\/\/www.ferieninwuestenhain.de\/wp-content\/uploads\/2020\/06\/entdecken1.jpg\" height=\"300\" width=\"700\" alt=\"\" class=\"slider-541 slide-545\" title=\"entdecken1\" \/><\/li>\n            <\/ul>\n        <\/div>\n        \n    <\/div>\n<\/div><\/div>\n\n\n\n<figure class=\"wp-block-image size-large\"><img decoding=\"async\" loading=\"lazy\" width=\"80\" height=\"10\" src=\"https:\/\/www.ferieninwuestenhain.de\/wp-content\/uploads\/2020\/06\/weiss1.jpg\" alt=\"\" class=\"wp-image-574\"\/><\/figure>\n\n\n\n<ul><li>Kunsthaus in \u0141az\/Laasow (2 km), die Galerie von Willi Selmer kann nach tel. Vereinbarung gern besichtigt werden<\/li><li><a rel=\"noreferrer noopener\" href=\"https:\/\/slawenburg-raddusch.de\/\" target=\"_blank\">Slawenburg Radu\u0161\/Raddusch<\/a> (10 km)<\/li><li>Umwelt- und Begegnungszentrum K\u00f3zle\/Casel (4 km)<\/li><li>Ponyhof Repten (6 km)<\/li><li><a rel=\"noreferrer noopener\" href=\"https:\/\/cattlemansranch.de\/\" target=\"_blank\">Cattlemans Ranch<\/a> Wiesendorf Pferderanch (3 km)\u00a0\u00a0\u00a0\u00a0\u00a0\u00a0\u00a0\u00a0\u00a0\u00a0\u00a0\u00a0<\/li><li>Kutschfahrten in die Umgebung buchbar<\/li><li><a rel=\"noreferrer noopener\" href=\"https:\/\/www.tourismus.vetschau.de\/\" target=\"_blank\">Schlo\u00df, historische Altstadt und Wendisch-Deutsche Doppelkirche in Vetschau<\/a> (10 km)<\/li><li><a rel=\"noreferrer noopener\" href=\"https:\/\/www.f60.de\/\" target=\"_blank\">Besucherbergwerk F60<\/a>  (35 km)<\/li><li>Schlo\u00df und Park Altd\u00f6bern (12 km)<\/li><li>Spreewald (10 \u2013 15 km)<\/li><li>Jugendstilkino \u201cWeltspiegel\u201d in Cottus (20 km)<\/li><li>ganzj\u00e4hrig reiches wendisches Brauchtum in den umliegenden D\u00f6rfern (Maskenb\u00e4lle, Zampern, Zapust, Johannisreiten, Stollenreiten, Hahnrupfen (Kokot), Kirmes und Adventsfeste, sowie sommerliche Dorffeste<\/li><li>Tagesaussfl\u00fcge empfehlen sich zum Tropical Island (ca. 50 km), nach Cottbus (20 km), Dresden (100 km), Leipzig (150 km) und Berlin (100 km) Sprechen Sie uns bei Bedarf an, wir geben gern Empfehlungen.<\/li><li><a rel=\"noreferrer noopener\" href=\"http:\/\/www.ilansalente.eu\/\" target=\"_blank\">Tanzhaus <\/a>im Ort (100 m)<\/li><li>kreative <a rel=\"noreferrer noopener\" href=\"https:\/\/www.krusesuse.de\/stempelwerk1\" target=\"_blank\">Stempel-Workshops<\/a> bei Susanne Kruse (2 km)<\/li><li>Windrad, zum Zeitpunkt seiner Errichtung weltweit das H\u00f6chste mit einer Nabenh\u00f6he von 160 m (1 km)<\/li><li>Angelteiche (200 m)<\/li><li>Wandern in unmittelbarer ruhiger Natur \u2026 Wald und Wiesen laden zum Entspannen rundum ein<\/li><li>Pilze sammeln<\/li><li>Radrundweg um den Gr\u00e4bendorfer See \u2013 auch mit Skates befahrbar<\/li><li>Surfen auf dem Gr\u00e4bendorfer See oder<\/li><li>Naturbeobachtungen<\/li><li>Vogelbeobachtungen usw. <\/li><\/ul>\n\n\n\n<p><\/p>\n","protected":false},"excerpt":{"rendered":"<p>Kunsthaus in \u0141az\/Laasow (2 km), die Galerie von Willi Selmer kann nach tel. Vereinbarung gern besichtigt werden Slawenburg Radu\u0161\/Raddusch (10 km) Umwelt- und Begegnungszentrum K\u00f3zle\/Casel (4 km) Ponyhof Repten (6 km) Cattlemans Ranch Wiesendorf Pferderanch (3 km)\u00a0\u00a0\u00a0\u00a0\u00a0\u00a0\u00a0\u00a0\u00a0\u00a0\u00a0\u00a0 Kutschfahrten in die <a href=\"https:\/\/www.ferieninwuestenhain.de\/index.php\/entdecken-und-erleben\/\" class=\"read-more\">Weiterlesen<\/a><\/p>\n","protected":false},"author":1,"featured_media":0,"parent":0,"menu_order":0,"comment_status":"closed","ping_status":"closed","template":"","meta":{"kt_blocks_editor_width":""},"_links":{"self":[{"href":"https:\/\/www.ferieninwuestenhain.de\/index.php\/wp-json\/wp\/v2\/pages\/67"}],"collection":[{"href":"https:\/\/www.ferieninwuestenhain.de\/index.php\/wp-json\/wp\/v2\/pages"}],"about":[{"href":"https:\/\/www.ferieninwuestenhain.de\/index.php\/wp-json\/wp\/v2\/types\/page"}],"author":[{"embeddable":true,"href":"https:\/\/www.ferieninwuestenhain.de\/index.php\/wp-json\/wp\/v2\/users\/1"}],"replies":[{"embeddable":true,"href":"https:\/\/www.ferieninwuestenhain.de\/index.php\/wp-json\/wp\/v2\/comments?post=67"}],"version-history":[{"count":17,"href":"https:\/\/www.ferieninwuestenhain.de\/index.php\/wp-json\/wp\/v2\/pages\/67\/revisions"}],"predecessor-version":[{"id":597,"href":"https:\/\/www.ferieninwuestenhain.de\/index.php\/wp-json\/wp\/v2\/pages\/67\/revisions\/597"}],"wp:attachment":[{"href":"https:\/\/www.ferieninwuestenhain.de\/index.php\/wp-json\/wp\/v2\/media?parent=67"}],"curies":[{"name":"wp","href":"https:\/\/api.w.org\/{rel}","templated":true}]}}